{"id":359,"date":"2014-06-15T16:24:41","date_gmt":"2014-06-15T14:24:41","guid":{"rendered":"http:\/\/www.sanseverinolucano.com\/?page_id=359"},"modified":"2014-06-28T14:33:45","modified_gmt":"2014-06-28T12:33:45","slug":"antonio-vincenzo-violante","status":"publish","type":"page","link":"http:\/\/www.sanseverinolucano.com\/?page_id=359","title":{"rendered":"ANTONIO V. VIOLANTE"},"content":{"rendered":"<p><a href=\"http:\/\/www.sanseverinolucano.com\/wp-content\/uploads\/2014\/06\/AntonioVincenzoViolante.jpg\"><img loading=\"lazy\" decoding=\"async\" class=\"alignnone size-full wp-image-511\" src=\"http:\/\/www.sanseverinolucano.com\/wp-content\/uploads\/2014\/06\/AntonioVincenzoViolante.jpg\" alt=\"AntonioVincenzoViolante\" width=\"220\" height=\"308\" srcset=\"http:\/\/www.sanseverinolucano.com\/wp-content\/uploads\/2014\/06\/AntonioVincenzoViolante.jpg 220w, http:\/\/www.sanseverinolucano.com\/wp-content\/uploads\/2014\/06\/AntonioVincenzoViolante-214x300.jpg 214w\" sizes=\"auto, (max-width: 220px) 100vw, 220px\" \/><\/a><\/p>\n<p>&#8220;Uno sguardo al passato&#8221;, la vita di sessantanni fa nei paesi di montagna, \u00e8 la storia che, Antonio Vincenzo Violante (nella foto), maestro di scuola elementare nato a San Severino Lucano nel 1928, ha voluto raccontare, esprimendo sensazioni ed esperienze di vita di un tempo ormai lontano. Un viaggio con quella macchina del tempo che \u00e8 la memoria dell&#8217;uomo, capace di ricordare e, ovviamente, far rivivere, tutto ci\u00f2 che un tempo \u00e8 stato vissuto. In questo caso, l&#8217;autore ripercorre tappe che hanno fatto la &#8220;nostra&#8221; storia, descrivendo ogni avvenimento minuziosamente, mettendo in evidenza, in ogni occasione, le contrastanti differenze tra passato e presente, sottolineando la semplicit\u00e0 della vita &#8220;campestre&#8221; e permeando il racconto di una velata malinconia per il passato. Ricordi lieti e tristi affiorano da semplici parole scaturite da un&#8217;estrema coscienza di ci\u00f2 che il passato dovrebbe rappresentare per tutti i giovani. Il presente \u00e8 tanto affascinante quanto distaccato dai quei valori che, un tempo, coinvolgevano tutti, nei quali ognuno poteva ritrovarsi. Un documento da lasciare ai posteri, dunque. L\u2019insegnante elementare. Antonio Vincenzo Violante, dice: \u00abDedico questo mio modesto scritto ai miei figli, ai miei nipoti e a tutti i giovani, affinch\u00e8 leggendolo possano ricordarsi di me, considerare il passato e apprezzare il presente pi\u00f9 di quanto possano fare ora, dato che tutto oggi giorno sembra cos\u00ec tanto facile da<br \/>\nottenere. Ho cercato di utilizzare un linguaggio il pi\u00f9 elementare possibile, proprio per fare in modo che questo libro possano leggerlo davvero tutti, indistintamente \u00bb. Il libro racconta di un passato ricco di rinunce e sacrifici, dell&#8217;importanza della vita familiare, di quanto occorra studiare il passato per modellare l&#8217;avvenire. Il binomio passato presente e il centro nevralgico di questo racconto, dove anche la fede \u00e8 un punto di riferimento ma anche di confronto; oggi l\u2019uomo, purtroppo, secondo l&#8217;autore \u00abconta pi\u00f9 sulla tecnologia che sulla grazia divina\u00bb. In ogni caso, il messaggio che l&#8217;autore vuole lasciare \u00e8 che non bisogna farsi schiacciare dal peso del passato, anzi avere coscienza di ci\u00f2 che \u00e8 avvenuto, senza dimenticarlo, quanto meno per non commettere gli stessi errori e, con l&#8217;unico, nobile scopo, di costruire un avvenire migliore.\u00a0\u00a0\u00a0\u00a0\u00a0\u00a0\u00a0\u00a0\u00a0\u00a0\u00a0 <strong>Anna Cuffaro<\/strong> [giornalista de &#8220;Il Salernitano&#8221;]<\/p>\n<p><strong>PUBBLICAZIONI<\/strong><\/p>\n<p><a href=\"http:\/\/www.sanseverinolucano.com\/wp-content\/uploads\/2014\/06\/Antonio_V_Violante_Libro_Uno_Sguardo_Al_Passato1.jpg\"><img loading=\"lazy\" decoding=\"async\" class=\"alignnone size-full wp-image-516\" src=\"http:\/\/www.sanseverinolucano.com\/wp-content\/uploads\/2014\/06\/Antonio_V_Violante_Libro_Uno_Sguardo_Al_Passato1.jpg\" alt=\"Antonio_V_Violante_Libro_Uno_Sguardo_Al_Passato\" width=\"202\" height=\"289\" \/><\/a> [<a href=\"http:\/\/www.sanseverinolucano.com\/AntonioVincenzoViolante_UnoSguardoAlPassato_2006.pdf\" target=\"_blank\">scarica<\/a>] 10 MB<\/p>\n<p><a href=\"http:\/\/www.sanseverinolucano.com\/wp-content\/uploads\/2014\/06\/AntonioVincenzoViolante_Raffaele_Fiore1.jpg\"><img loading=\"lazy\" decoding=\"async\" class=\"alignnone size-full wp-image-517\" src=\"http:\/\/www.sanseverinolucano.com\/wp-content\/uploads\/2014\/06\/AntonioVincenzoViolante_Raffaele_Fiore1.jpg\" alt=\"AntonioVincenzoViolante_Raffaele_Fiore\" width=\"202\" height=\"289\" \/><\/a> [<a href=\"http:\/\/www.sanseverinolucano.com\/AntonioVincenzoViolante_Raffaele_Fiore.pdf\" target=\"_blank\">scarica<\/a>] 1 MB<\/p>\n<p>Ringraziamo l&#8217;Ins. Antonio V. Violante\u00a0 per averci dato l&#8217;esclusiva autorizzazione a pubblicare le sue opere sul nostro sito.<br \/>\nVietata la riproduzione e la diffusione senza autorizzazione.<\/p>\n","protected":false},"excerpt":{"rendered":"<p>&#8220;Uno sguardo al passato&#8221;, la vita di sessantanni fa nei paesi di montagna, \u00e8 la storia che, Antonio Vincenzo Violante (nella foto), maestro di scuola elementare nato a San Severino Lucano nel 1928, ha voluto raccontare, esprimendo sensazioni ed esperienze&hellip; <\/p>\n","protected":false},"author":2,"featured_media":0,"parent":351,"menu_order":0,"comment_status":"closed","ping_status":"closed","template":"","meta":{"footnotes":""},"class_list":["post-359","page","type-page","status-publish","hentry"],"_links":{"self":[{"href":"http:\/\/www.sanseverinolucano.com\/index.php?rest_route=\/wp\/v2\/pages\/359","targetHints":{"allow":["GET"]}}],"collection":[{"href":"http:\/\/www.sanseverinolucano.com\/index.php?rest_route=\/wp\/v2\/pages"}],"about":[{"href":"http:\/\/www.sanseverinolucano.com\/index.php?rest_route=\/wp\/v2\/types\/page"}],"author":[{"embeddable":true,"href":"http:\/\/www.sanseverinolucano.com\/index.php?rest_route=\/wp\/v2\/users\/2"}],"replies":[{"embeddable":true,"href":"http:\/\/www.sanseverinolucano.com\/index.php?rest_route=%2Fwp%2Fv2%2Fcomments&post=359"}],"version-history":[{"count":4,"href":"http:\/\/www.sanseverinolucano.com\/index.php?rest_route=\/wp\/v2\/pages\/359\/revisions"}],"predecessor-version":[{"id":1152,"href":"http:\/\/www.sanseverinolucano.com\/index.php?rest_route=\/wp\/v2\/pages\/359\/revisions\/1152"}],"up":[{"embeddable":true,"href":"http:\/\/www.sanseverinolucano.com\/index.php?rest_route=\/wp\/v2\/pages\/351"}],"wp:attachment":[{"href":"http:\/\/www.sanseverinolucano.com\/index.php?rest_route=%2Fwp%2Fv2%2Fmedia&parent=359"}],"curies":[{"name":"wp","href":"https:\/\/api.w.org\/{rel}","templated":true}]}}